{"id":483,"date":"2024-07-07T07:10:15","date_gmt":"2024-07-07T07:10:15","guid":{"rendered":"https:\/\/balearicyachtrental.com\/?page_id=483"},"modified":"2025-09-11T18:48:57","modified_gmt":"2025-09-11T18:48:57","slug":"legal-notice","status":"publish","type":"page","link":"https:\/\/balearicyachtrental.com\/es\/legal-notice\/","title":{"rendered":"Aviso Legal"},"content":{"rendered":"<div data-elementor-type=\"wp-page\" data-elementor-id=\"483\" class=\"elementor elementor-483\" data-elementor-post-type=\"page\">\n\t\t\t\t\t\t<section class=\"elementor-section elementor-top-section elementor-element elementor-element-5a17e13a elementor-section-height-min-height elementor-section-boxed elementor-section-height-default elementor-section-items-middle\" data-id=\"5a17e13a\" data-element_type=\"section\" data-settings=\"{&quot;background_background&quot;:&quot;classic&quot;}\">\n\t\t\t\t\t\t\t<div class=\"elementor-background-overlay\"><\/div>\n\t\t\t\t\t\t\t<div class=\"elementor-container elementor-column-gap-default\">\n\t\t\t\t\t<div class=\"elementor-column elementor-col-100 elementor-top-column elementor-element elementor-element-71f9628e\" data-id=\"71f9628e\" data-element_type=\"column\">\n\t\t\t<div class=\"elementor-widget-wrap elementor-element-populated\">\n\t\t\t\t\t\t<div class=\"elementor-element elementor-element-1069ec1f elementor-invisible elementor-widget elementor-widget-heading\" data-id=\"1069ec1f\" data-element_type=\"widget\" data-settings=\"{&quot;_animation&quot;:&quot;fadeIn&quot;}\" data-widget_type=\"heading.default\">\n\t\t\t\t<div class=\"elementor-widget-container\">\n\t\t\t\t\t<h1 class=\"elementor-heading-title elementor-size-default\">Aviso Legal<\/h1>\t\t\t\t<\/div>\n\t\t\t\t<\/div>\n\t\t\t\t\t<\/div>\n\t\t<\/div>\n\t\t\t\t\t<\/div>\n\t\t<\/section>\n\t\t\t\t<section class=\"elementor-section elementor-top-section elementor-element elementor-element-1283c3e2 elementor-section-boxed elementor-section-height-default elementor-section-height-default\" data-id=\"1283c3e2\" data-element_type=\"section\">\n\t\t\t\t\t\t<div class=\"elementor-container elementor-column-gap-default\">\n\t\t\t\t\t<div class=\"elementor-column elementor-col-100 elementor-top-column elementor-element elementor-element-56f76767\" data-id=\"56f76767\" data-element_type=\"column\">\n\t\t\t<div class=\"elementor-widget-wrap elementor-element-populated\">\n\t\t\t\t\t\t<div class=\"elementor-element elementor-element-7937ab6 elementor-invisible elementor-widget elementor-widget-text-editor\" data-id=\"7937ab6\" data-element_type=\"widget\" data-settings=\"{&quot;_animation&quot;:&quot;fadeIn&quot;,&quot;_animation_delay&quot;:400}\" data-widget_type=\"text-editor.default\">\n\t\t\t\t<div class=\"elementor-widget-container\">\n\t\t\t\t\t\t\t\t\t<h2>Identificaci\u00f3n y propiedad<\/h2><p>En cumplimiento del art\u00edculo 10 de la Ley 34\/2002, de 11 de julio, de Servicios de la Sociedad de la Informaci\u00f3n y de Comercio Electr\u00f3nico, el Titular expone sus datos identificativos:<\/p><ul><li><strong>Titular:<\/strong>\u00a0 ONES I VENT DE MALLORCA SL<\/li><li><strong>NIF:<\/strong> B16637555<\/li><li><strong>Diracci\u00f3n:<\/strong>\u00a0 PLAZA PORTA PINTADA, 5 \u2013 1, 07002, PALMA, Islas Baleares \u2013 Espa\u00f1a.<\/li><li><strong>Correo electr\u00f3nico:<\/strong>\u00a0 info@balearicyachrental.com<\/li><li><strong>N\u00famero de tel\u00e9fono:<\/strong> +34 663 85 44 44<\/li><li><strong>Sitio web:<\/strong>\u00a0<a href=\"https:\/\/balearicyachtrental.com\/es\/\">https:\/\/balearicyachtrental.com<\/a><\/li><\/ul><h2>Objetivo<\/h2><p>La finalidad del Sitio Web es: Alquiler de Yates en Mallorca, Menorca, Ibiza y Formentera.<\/p><h2>Condiciones de uso<\/h2><p>La utilizaci\u00f3n del Sitio Web le atribuye la condici\u00f3n de Usuario, e implica la aceptaci\u00f3n total de todas las cl\u00e1usulas y condiciones de uso incluidas en las p\u00e1ginas:<\/p><ul><li><a href=\"https:\/\/balearicyachtrental.com\/es\/legal-notice\/\">Aviso Legal<\/a><\/li><li><a href=\"https:\/\/balearicyachtrental.com\/es\/privacy-policy\/\">Pol\u00edtica de Privacidad<\/a><\/li><li><a href=\"https:\/\/balearicyachtrental.com\/es\/cookies-policy\/\">Pol\u00edtica de Cookies<\/a><\/li><\/ul><p>Si no est\u00e1 de acuerdo con todas y cada una de estas cl\u00e1usulas y condiciones, por favor abst\u00e9ngase de utilizar el Sitio Web.<\/p><p>El acceso al Sitio Web no supone, en ning\u00fan caso, el inicio de una relaci\u00f3n comercial con el Titular.<\/p><p>A trav\u00e9s del Sitio Web, el Titular proporciona el acceso y utilizaci\u00f3n de diversos contenidos que el Titular y\/o sus colaboradores han publicado a trav\u00e9s de Internet.<\/p><p>A tal efecto, usted se obliga y compromete a NO utilizar cualquiera de los contenidos del Sitio Web con fines o efectos il\u00edcitos, prohibidos en este Aviso Legal o por la legislaci\u00f3n vigente, lesivos de los derechos e intereses de terceros, o que de cualquier forma podr\u00e1 da\u00f1ar, inutilizar, sobrecargar, deteriorar o impedir la normal utilizaci\u00f3n de los contenidos, equipos inform\u00e1ticos o documentos, archivos y toda clase de contenidos almacenados en cualquier equipo inform\u00e1tico propios o contratados por el Titular, otros usuarios o cualquier usuario de Internet.<\/p><h2>Medidas de seguridad<\/h2><p>Los datos personales proporcionados al Titular podr\u00e1n ser almacenados en bases de datos automatizadas o no, cuya titularidad corresponde exclusivamente al Titular, quien asume todas las medidas t\u00e9cnicas, organizativas y de seguridad que garanticen la confidencialidad, integridad y calidad de la informaci\u00f3n. Contenidos en el mismo de acuerdo con lo dispuesto en la normativa vigente en protecci\u00f3n de datos.<\/p><p>Sin embargo, debes ser consciente de que las medidas de seguridad de los sistemas inform\u00e1ticos en Internet no son del todo fiables y que, por tanto, el Titular no puede garantizar la ausencia de virus u otros elementos que puedan provocar alteraciones en los sistemas inform\u00e1ticos (software y hardware) del Usuario o en sus documentos electr\u00f3nicos y ficheros contenidos en los mismos, si bien el Titular pone todos los medios necesarios y adopta las medidas de seguridad adecuadas para evitar la presencia de estos elementos da\u00f1inos.<\/p><h2>Tratamiento de Datos Personales<\/h2><p>Podr\u00e1s consultar toda la informaci\u00f3n relacionada con el tratamiento de los datos personales recabados por el Titular en la <a href=\"https:\/\/balearicyachtrental.com\/es\/privacy-policy\/\">Pol\u00edtica de Privacidad<\/a> .<\/p><h2>Contenido<\/h2><p>El Titular ha obtenido la informaci\u00f3n, contenidos multimedia y materiales incluidos en el Sitio Web de fuentes que considera fiables, pero, aunque ha tomado todas las medidas razonables para garantizar que la informaci\u00f3n contenida sea correcta, el Titular no garantiza que sea exacta, completa o actualizada. El Titular declina expresamente cualquier responsabilidad derivada de errores u omisiones en la informaci\u00f3n contenida en las p\u00e1ginas del Sitio Web.<\/p><p>Queda prohibido transmitir o enviar a trav\u00e9s del Sitio Web cualquier contenido ilegal o il\u00edcito, virus inform\u00e1ticos o mensajes que, en general, afecten o violen los derechos del Titular o de terceros.<\/p><p>Los contenidos del Sitio Web tienen finalidad meramente informativa y en ning\u00fan caso deben utilizarse ni considerarse como una oferta de venta, una solicitud de oferta de compra o una recomendaci\u00f3n para realizar cualquier otra operaci\u00f3n, salvo que se indique expresamente.<\/p><p>El Titular se reserva el derecho a modificar, suspender, cancelar o restringir el contenido del Sitio Web, los enlaces o la informaci\u00f3n obtenida a trav\u00e9s del Sitio Web, sin previo aviso.<\/p><p>El Titular no se hace responsable de los da\u00f1os que pudieran derivarse del uso de la informaci\u00f3n del Sitio Web o de la contenida en las redes sociales del Titular.<\/p><h2 data-start=\"70\" data-end=\"106\">Pol\u00edtica de cancelaci\u00f3n y reembolso<\/h2><p data-start=\"108\" data-end=\"359\">Balearic Yacht Rental informa a sus clientes que las reservas de yates confirmadas no son reembolsables en caso de cancelaci\u00f3n, a menos que dicha cancelaci\u00f3n se comunique con al menos 3 d\u00edas naturales de antelaci\u00f3n a la fecha prevista de inicio del servicio.<\/p><p data-start=\"361\" data-end=\"463\">La cancelaci\u00f3n deber\u00e1 ser notificada debidamente a trav\u00e9s de uno de los siguientes canales oficiales de comunicaci\u00f3n:<\/p><ul data-start=\"464\" data-end=\"545\"><li data-start=\"464\" data-end=\"510\"><p data-start=\"466\" data-end=\"510\">Correo electr\u00f3nico: <strong data-start=\"473\" data-end=\"508\"><a class=\"decorated-link cursor-pointer\" rel=\"noopener\" data-start=\"475\" data-end=\"506\">contact@balearicyachtrental.com<\/a><\/strong><\/p><\/li><li data-start=\"464\" data-end=\"510\"><p data-start=\"466\" data-end=\"510\">WhatsApp: <strong data-start=\"523\" data-end=\"543\">+34 663 85 44 44<\/strong><\/p><\/li><\/ul><p data-start=\"547\" data-end=\"750\">Si no se cumple el plazo m\u00ednimo de preaviso indicado, el importe abonado en concepto de reserva se considerar\u00e1 no reembolsable y ser\u00e1 retenido por Balearic Yacht Rental en concepto de gastos de gesti\u00f3n y costes de bloqueo de la embarcaci\u00f3n.<\/p><h2>Pol\u00edtica de Cookies<\/h2><p>Puedes consultar toda la informaci\u00f3n relacionada con la pol\u00edtica de recogida y tratamiento de cookies en la p\u00e1gina <a href=\"https:\/\/balearicyachtrental.com\/es\/cookies-policy\/\">Pol\u00edtica de Cookies<\/a> .<\/p><h2>Enlaces a otros sitios web<\/h2><p>El Titular podr\u00e1 proporcionarle acceso a sitios web de terceros a trav\u00e9s de enlaces con la exclusiva finalidad de informarle sobre la existencia de otras fuentes de informaci\u00f3n en Internet en las que podr\u00e1 ampliar los datos ofrecidos en el Sitio Web.<\/p><p>Estos enlaces a otros sitios web no suponen en ning\u00fan caso una sugerencia o recomendaci\u00f3n para que visites las p\u00e1ginas web de destino, las cuales est\u00e1n fuera del control del Titular, por lo que el Titular no es responsable del contenido de los sitios web enlazados ni del resultado que obtengas. Asimismo, el Titular no se hace responsable de los enlaces ubicados en los sitios web enlazados a los que proporciona acceso.<\/p><p>El establecimiento del enlace no implica en ning\u00fan caso la existencia de relaciones entre el Titular y el propietario del sitio en el que se establece el enlace, ni la aceptaci\u00f3n o aprobaci\u00f3n por parte del Titular de sus contenidos o servicios.<\/p><p>Si accede a un sitio web externo desde un enlace que se encuentra en el Sitio Web, deber\u00e1 leer la pol\u00edtica de privacidad propia del otro sitio web, que puede ser diferente a la de este Sitio Web.<\/p><h2>Propiedad Intelectual e Industrial<\/h2><p>Reservados todos los derechos.<\/p><p>Todo acceso a este Sitio Web est\u00e1 sujeto a las siguientes condiciones: queda expresamente prohibida la reproducci\u00f3n, almacenamiento permanente y difusi\u00f3n de los contenidos o cualquier otro uso con fines p\u00fablicos o comerciales sin el previo consentimiento expreso y por escrito del Titular.<\/p><h2>Limitaci\u00f3n de responsabilidad<\/h2><p>La informaci\u00f3n y los servicios incluidos o disponibles a trav\u00e9s del Sitio Web pueden incluir imprecisiones o errores tipogr\u00e1ficos. El Titular incorpora peri\u00f3dicamente mejoras y\/o cambios en la informaci\u00f3n contenida y\/o en los Servicios que pueda introducir en cualquier momento.<\/p><p>El Titular no declara ni garantiza que los servicios o contenidos se encuentren interrumpidos o libres de errores, que se corrijan defectos, o que el servicio o el servidor que lo pone a disposici\u00f3n est\u00e9n libres de virus u otros componentes da\u00f1inos, sin perjuicio del hecho de que El Titular hace todos los esfuerzos posibles para evitar este tipo de incidentes.<\/p><p>El Titular declina cualquier responsabilidad en caso de interrupciones o mal funcionamiento de los Servicios o contenidos ofrecidos en Internet, cualquiera que sea su causa. Asimismo, el Titular no se hace responsable de cortes de red, p\u00e9rdidas de negocio como consecuencia de dichos cortes, suspensiones temporales de electricidad o cualquier otro tipo de da\u00f1o indirecto que pueda causarle por causas ajenas al Titular.<\/p><p>Antes de tomar decisiones y\/o acciones en base a la informaci\u00f3n incluida en el Sitio Web, el Titular recomienda comprobar y contrastar la informaci\u00f3n recibida con otras fuentes.<\/p><h2>Jurisdicci\u00f3n<\/h2><p>Este Aviso Legal se rige \u00edntegramente por la legislaci\u00f3n espa\u00f1ola.<\/p><p>Mientras no exista norma que obligue a lo contrario, para cuantas cuestiones puedan surgir sobre la interpretaci\u00f3n, aplicaci\u00f3n y cumplimiento de este Aviso Legal, as\u00ed como para cualesquiera reclamaciones que puedan surgir de su uso, las partes acuerdan someterse a los Jueces y Juzgados de la provincia de Baleares, con renuncia expresa a cualquier otro fuero que pudiera corresponderles.<\/p><h2>Contacto<\/h2><p>Si tiene alguna duda sobre este Aviso Legal o quiere realizar alg\u00fan comentario sobre el Sitio Web, puede enviar un correo electr\u00f3nico a la direcci\u00f3n: info@balearicyachtrental.com.<\/p>\t\t\t\t\t\t\t\t<\/div>\n\t\t\t\t<\/div>\n\t\t\t\t\t<\/div>\n\t\t<\/div>\n\t\t\t\t\t<\/div>\n\t\t<\/section>\n\t\t\t\t<\/div>","protected":false},"excerpt":{"rendered":"<p>Legal Notice Identification and Ownership In compliance with article 10 of Law 34\/2002, of July 11, on Information Society Services and Electronic Commerce, the Owner exposes his identifying data: Owner:\u00a0 ONES I VENT DE MALLORCA S.L. Tax Identify Number: B16637555 Address:\u00a0 PLAZA PORTA PINTADA, 5 &#8211; 1, 07002, PALMA, Balearic Islands &#8211; Spain. Email:\u00a0 info@balearicyachtrental.com [&hellip;]<\/p>","protected":false},"author":1,"featured_media":0,"parent":0,"menu_order":0,"comment_status":"closed","ping_status":"closed","template":"elementor_header_footer","meta":{"ocean_post_layout":"","ocean_both_sidebars_style":"","ocean_both_sidebars_content_width":0,"ocean_both_sidebars_sidebars_width":0,"ocean_sidebar":"","ocean_second_sidebar":"","ocean_disable_margins":"enable","ocean_add_body_class":"","ocean_shortcode_before_top_bar":"","ocean_shortcode_after_top_bar":"","ocean_shortcode_before_header":"","ocean_shortcode_after_header":"","ocean_has_shortcode":"","ocean_shortcode_after_title":"","ocean_shortcode_before_footer_widgets":"","ocean_shortcode_after_footer_widgets":"","ocean_shortcode_before_footer_bottom":"","ocean_shortcode_after_footer_bottom":"","ocean_display_top_bar":"default","ocean_display_header":"default","ocean_header_style":"","ocean_center_header_left_menu":"","ocean_custom_header_template":"","ocean_custom_logo":0,"ocean_custom_retina_logo":0,"ocean_custom_logo_max_width":0,"ocean_custom_logo_tablet_max_width":0,"ocean_custom_logo_mobile_max_width":0,"ocean_custom_logo_max_height":0,"ocean_custom_logo_tablet_max_height":0,"ocean_custom_logo_mobile_max_height":0,"ocean_header_custom_menu":"","ocean_menu_typo_font_family":"","ocean_menu_typo_font_subset":"","ocean_menu_typo_font_size":0,"ocean_menu_typo_font_size_tablet":0,"ocean_menu_typo_font_size_mobile":0,"ocean_menu_typo_font_size_unit":"px","ocean_menu_typo_font_weight":"","ocean_menu_typo_font_weight_tablet":"","ocean_menu_typo_font_weight_mobile":"","ocean_menu_typo_transform":"","ocean_menu_typo_transform_tablet":"","ocean_menu_typo_transform_mobile":"","ocean_menu_typo_line_height":0,"ocean_menu_typo_line_height_tablet":0,"ocean_menu_typo_line_height_mobile":0,"ocean_menu_typo_line_height_unit":"","ocean_menu_typo_spacing":0,"ocean_menu_typo_spacing_tablet":0,"ocean_menu_typo_spacing_mobile":0,"ocean_menu_typo_spacing_unit":"","ocean_menu_link_color":"","ocean_menu_link_color_hover":"","ocean_menu_link_color_active":"","ocean_menu_link_background":"","ocean_menu_link_hover_background":"","ocean_menu_link_active_background":"","ocean_menu_social_links_bg":"","ocean_menu_social_hover_links_bg":"","ocean_menu_social_links_color":"","ocean_menu_social_hover_links_color":"","ocean_disable_title":"default","ocean_disable_heading":"default","ocean_post_title":"","ocean_post_subheading":"","ocean_post_title_style":"","ocean_post_title_background_color":"","ocean_post_title_background":0,"ocean_post_title_bg_image_position":"","ocean_post_title_bg_image_attachment":"","ocean_post_title_bg_image_repeat":"","ocean_post_title_bg_image_size":"","ocean_post_title_height":0,"ocean_post_title_bg_overlay":0.5,"ocean_post_title_bg_overlay_color":"","ocean_disable_breadcrumbs":"default","ocean_breadcrumbs_color":"","ocean_breadcrumbs_separator_color":"","ocean_breadcrumbs_links_color":"","ocean_breadcrumbs_links_hover_color":"","ocean_display_footer_widgets":"default","ocean_display_footer_bottom":"default","ocean_custom_footer_template":"","_joinchat":[],"footnotes":""},"class_list":["post-483","page","type-page","status-publish","hentry","entry"],"yoast_head":"<!-- This site is optimized with the Yoast SEO plugin v25.9 - https:\/\/yoast.com\/wordpress\/plugins\/seo\/ -->\n<title>Legal Notice - Balearic Yacht Rental<\/title>\n<meta name=\"robots\" content=\"noindex, nofollow\" \/>\n<meta property=\"og:locale\" content=\"es_ES\" \/>\n<meta property=\"og:type\" content=\"article\" \/>\n<meta property=\"og:title\" content=\"Legal Notice - Balearic Yacht Rental\" \/>\n<meta property=\"og:description\" content=\"Legal Notice Identification and Ownership In compliance with article 10 of Law 34\/2002, of July 11, on Information Society Services and Electronic Commerce, the Owner exposes his identifying data: Owner:\u00a0 ONES I VENT DE MALLORCA S.L. Tax Identify Number: B16637555 Address:\u00a0 PLAZA PORTA PINTADA, 5 &#8211; 1, 07002, PALMA, Balearic Islands &#8211; Spain. Email:\u00a0 info@balearicyachtrental.com [&hellip;]\" \/>\n<meta property=\"og:url\" content=\"https:\/\/balearicyachtrental.com\/es\/legal-notice\/\" \/>\n<meta property=\"og:site_name\" content=\"Balearic Yacht Rental\" \/>\n<meta property=\"article:modified_time\" content=\"2025-09-11T18:48:57+00:00\" \/>\n<meta name=\"twitter:card\" content=\"summary_large_image\" \/>\n<meta name=\"twitter:label1\" content=\"Tiempo de lectura\" \/>\n\t<meta name=\"twitter:data1\" content=\"6 minutos\" \/>\n<script type=\"application\/ld+json\" class=\"yoast-schema-graph\">{\"@context\":\"https:\/\/schema.org\",\"@graph\":[{\"@type\":\"WebPage\",\"@id\":\"https:\/\/balearicyachtrental.com\/legal-notice\/\",\"url\":\"https:\/\/balearicyachtrental.com\/legal-notice\/\",\"name\":\"Legal Notice - Balearic Yacht Rental\",\"isPartOf\":{\"@id\":\"https:\/\/balearicyachtrental.com\/#website\"},\"datePublished\":\"2024-07-07T07:10:15+00:00\",\"dateModified\":\"2025-09-11T18:48:57+00:00\",\"breadcrumb\":{\"@id\":\"https:\/\/balearicyachtrental.com\/legal-notice\/#breadcrumb\"},\"inLanguage\":\"es\",\"potentialAction\":[{\"@type\":\"ReadAction\",\"target\":[\"https:\/\/balearicyachtrental.com\/legal-notice\/\"]}]},{\"@type\":\"BreadcrumbList\",\"@id\":\"https:\/\/balearicyachtrental.com\/legal-notice\/#breadcrumb\",\"itemListElement\":[{\"@type\":\"ListItem\",\"position\":1,\"name\":\"Portada\",\"item\":\"https:\/\/balearicyachtrental.com\/\"},{\"@type\":\"ListItem\",\"position\":2,\"name\":\"Legal Notice\"}]},{\"@type\":\"WebSite\",\"@id\":\"https:\/\/balearicyachtrental.com\/#website\",\"url\":\"https:\/\/balearicyachtrental.com\/\",\"name\":\"Mi blog\",\"description\":\"Your premier destination for unparalleled yacht rental in the Balearic Islands.\",\"potentialAction\":[{\"@type\":\"SearchAction\",\"target\":{\"@type\":\"EntryPoint\",\"urlTemplate\":\"https:\/\/balearicyachtrental.com\/?s={search_term_string}\"},\"query-input\":{\"@type\":\"PropertyValueSpecification\",\"valueRequired\":true,\"valueName\":\"search_term_string\"}}],\"inLanguage\":\"es\"}]}<\/script>\n<!-- \/ Yoast SEO plugin. -->","yoast_head_json":{"title":"Legal Notice - Balearic Yacht Rental","robots":{"index":"noindex","follow":"nofollow"},"og_locale":"es_ES","og_type":"article","og_title":"Legal Notice - Balearic Yacht Rental","og_description":"Legal Notice Identification and Ownership In compliance with article 10 of Law 34\/2002, of July 11, on Information Society Services and Electronic Commerce, the Owner exposes his identifying data: Owner:\u00a0 ONES I VENT DE MALLORCA S.L. Tax Identify Number: B16637555 Address:\u00a0 PLAZA PORTA PINTADA, 5 &#8211; 1, 07002, PALMA, Balearic Islands &#8211; Spain. Email:\u00a0 info@balearicyachtrental.com [&hellip;]","og_url":"https:\/\/balearicyachtrental.com\/es\/legal-notice\/","og_site_name":"Balearic Yacht Rental","article_modified_time":"2025-09-11T18:48:57+00:00","twitter_card":"summary_large_image","twitter_misc":{"Tiempo de lectura":"6 minutos"},"schema":{"@context":"https:\/\/schema.org","@graph":[{"@type":"WebPage","@id":"https:\/\/balearicyachtrental.com\/legal-notice\/","url":"https:\/\/balearicyachtrental.com\/legal-notice\/","name":"Legal Notice - Balearic Yacht Rental","isPartOf":{"@id":"https:\/\/balearicyachtrental.com\/#website"},"datePublished":"2024-07-07T07:10:15+00:00","dateModified":"2025-09-11T18:48:57+00:00","breadcrumb":{"@id":"https:\/\/balearicyachtrental.com\/legal-notice\/#breadcrumb"},"inLanguage":"es","potentialAction":[{"@type":"ReadAction","target":["https:\/\/balearicyachtrental.com\/legal-notice\/"]}]},{"@type":"BreadcrumbList","@id":"https:\/\/balearicyachtrental.com\/legal-notice\/#breadcrumb","itemListElement":[{"@type":"ListItem","position":1,"name":"Portada","item":"https:\/\/balearicyachtrental.com\/"},{"@type":"ListItem","position":2,"name":"Legal Notice"}]},{"@type":"WebSite","@id":"https:\/\/balearicyachtrental.com\/#website","url":"https:\/\/balearicyachtrental.com\/","name":"Mi blog","description":"Su destino principal para un alquiler de yates inigualable en las Islas Baleares.","potentialAction":[{"@type":"SearchAction","target":{"@type":"EntryPoint","urlTemplate":"https:\/\/balearicyachtrental.com\/?s={search_term_string}"},"query-input":{"@type":"PropertyValueSpecification","valueRequired":true,"valueName":"search_term_string"}}],"inLanguage":"es"}]}},"_links":{"self":[{"href":"https:\/\/balearicyachtrental.com\/es\/wp-json\/wp\/v2\/pages\/483","targetHints":{"allow":["GET"]}}],"collection":[{"href":"https:\/\/balearicyachtrental.com\/es\/wp-json\/wp\/v2\/pages"}],"about":[{"href":"https:\/\/balearicyachtrental.com\/es\/wp-json\/wp\/v2\/types\/page"}],"author":[{"embeddable":true,"href":"https:\/\/balearicyachtrental.com\/es\/wp-json\/wp\/v2\/users\/1"}],"replies":[{"embeddable":true,"href":"https:\/\/balearicyachtrental.com\/es\/wp-json\/wp\/v2\/comments?post=483"}],"version-history":[{"count":28,"href":"https:\/\/balearicyachtrental.com\/es\/wp-json\/wp\/v2\/pages\/483\/revisions"}],"predecessor-version":[{"id":3705,"href":"https:\/\/balearicyachtrental.com\/es\/wp-json\/wp\/v2\/pages\/483\/revisions\/3705"}],"wp:attachment":[{"href":"https:\/\/balearicyachtrental.com\/es\/wp-json\/wp\/v2\/media?parent=483"}],"curies":[{"name":"wp","href":"https:\/\/api.w.org\/{rel}","templated":true}]}}