{"id":487,"date":"2024-07-07T07:11:06","date_gmt":"2024-07-07T07:11:06","guid":{"rendered":"https:\/\/balearicyachtrental.com\/?page_id=487"},"modified":"2024-07-25T09:41:45","modified_gmt":"2024-07-25T09:41:45","slug":"cookies-policy","status":"publish","type":"page","link":"https:\/\/balearicyachtrental.com\/es\/cookies-policy\/","title":{"rendered":"Pol\u00edtica de Cookies"},"content":{"rendered":"<div data-elementor-type=\"wp-page\" data-elementor-id=\"487\" class=\"elementor elementor-487\" data-elementor-post-type=\"page\">\n\t\t\t\t\t\t<section class=\"elementor-section elementor-top-section elementor-element elementor-element-704d769a elementor-section-height-min-height elementor-section-boxed elementor-section-height-default elementor-section-items-middle\" data-id=\"704d769a\" data-element_type=\"section\" data-settings=\"{&quot;background_background&quot;:&quot;classic&quot;}\">\n\t\t\t\t\t\t\t<div class=\"elementor-background-overlay\"><\/div>\n\t\t\t\t\t\t\t<div class=\"elementor-container elementor-column-gap-default\">\n\t\t\t\t\t<div class=\"elementor-column elementor-col-100 elementor-top-column elementor-element elementor-element-15087993\" data-id=\"15087993\" data-element_type=\"column\">\n\t\t\t<div class=\"elementor-widget-wrap elementor-element-populated\">\n\t\t\t\t\t\t<div class=\"elementor-element elementor-element-1bd78598 elementor-invisible elementor-widget elementor-widget-heading\" data-id=\"1bd78598\" data-element_type=\"widget\" data-settings=\"{&quot;_animation&quot;:&quot;fadeIn&quot;}\" data-widget_type=\"heading.default\">\n\t\t\t\t<div class=\"elementor-widget-container\">\n\t\t\t\t\t<h1 class=\"elementor-heading-title elementor-size-default\">Pol\u00edtica de Cookies<\/h1>\t\t\t\t<\/div>\n\t\t\t\t<\/div>\n\t\t\t\t\t<\/div>\n\t\t<\/div>\n\t\t\t\t\t<\/div>\n\t\t<\/section>\n\t\t\t\t<section class=\"elementor-section elementor-top-section elementor-element elementor-element-3baee731 elementor-section-boxed elementor-section-height-default elementor-section-height-default\" data-id=\"3baee731\" data-element_type=\"section\">\n\t\t\t\t\t\t<div class=\"elementor-container elementor-column-gap-default\">\n\t\t\t\t\t<div class=\"elementor-column elementor-col-100 elementor-top-column elementor-element elementor-element-60abd266\" data-id=\"60abd266\" data-element_type=\"column\">\n\t\t\t<div class=\"elementor-widget-wrap elementor-element-populated\">\n\t\t\t\t\t\t<div class=\"elementor-element elementor-element-6512ed29 elementor-invisible elementor-widget elementor-widget-text-editor\" data-id=\"6512ed29\" data-element_type=\"widget\" data-settings=\"{&quot;_animation&quot;:&quot;fadeIn&quot;,&quot;_animation_delay&quot;:400}\" data-widget_type=\"text-editor.default\">\n\t\t\t\t<div class=\"elementor-widget-container\">\n\t\t\t\t\t\t\t\t\t<h2>\u00bfQu\u00e9 son las Cookies?<\/h2><p>Cuando accede a nuestro sitio web, una peque\u00f1a cantidad de texto llamada &quot;cookie&quot; se almacena en el navegador de su dispositivo. Este texto contiene diversa informaci\u00f3n sobre su navegaci\u00f3n, h\u00e1bitos, preferencias, personalizaciones de contenidos, etc\u2026<\/p><p>Existen otras tecnolog\u00edas que funcionan de manera similar y tambi\u00e9n se utilizan para recopilar datos sobre su actividad de navegaci\u00f3n. A todas estas tecnolog\u00edas las llamaremos &quot;cookies&quot;.<\/p><p>Los usos espec\u00edficos que hacemos de estas tecnolog\u00edas se describen en este documento.<\/p><h2>\u00bfPara qu\u00e9 se utilizan las cookies en este sitio web?<\/h2><p>Las cookies son una parte esencial del funcionamiento del sitio web. El principal objetivo de nuestras cookies es mejorar su experiencia de navegaci\u00f3n. Por ejemplo, para recordar sus preferencias (idioma, pa\u00eds, etc.) durante la navegaci\u00f3n y en futuras visitas. La informaci\u00f3n recogida en las cookies tambi\u00e9n nos permite mejorar el sitio web, adaptarlo a tus intereses como usuario, agilizar las b\u00fasquedas que realizas, etc.<\/p><p>En determinados casos, si hemos obtenido su consentimiento informado previo, podremos utilizar cookies para otros usos, como por ejemplo obtener informaci\u00f3n que nos permita mostrarle publicidad basada en el an\u00e1lisis de sus h\u00e1bitos de navegaci\u00f3n.<\/p><h2>\u00bfPara qu\u00e9 NO se utilizan cookies en este sitio web?<\/h2><p>Las cookies que utilizamos no almacenan informaci\u00f3n sensible de identificaci\u00f3n personal como su nombre, direcci\u00f3n, su contrase\u00f1a, etc.<\/p><h2>\u00bfQui\u00e9n utiliza la informaci\u00f3n almacenada en las cookies?<\/h2><p>La informaci\u00f3n almacenada en las cookies de nuestro Sitio Web es utilizada exclusivamente por nosotros, a excepci\u00f3n de las identificadas a continuaci\u00f3n como \u201ccookies de terceros\u201d, que son utilizadas y gestionadas por entidades externas que nos prestan servicios que mejoran la experiencia del usuario. Por ejemplo, las estad\u00edsticas recogidas sobre el n\u00famero de visitas, el contenido que m\u00e1s me gusta, etc. suelen estar gestionadas por Google Analytics.<\/p><h2>\u00bfC\u00f3mo se puede evitar el uso de cookies en este Sitio Web?<\/h2><p>Si prefieres evitar el uso de cookies, puedes RECHAZAR su uso o puedes CONFIGURAR las que quieres evitar y las que permites usar (en este documento te damos informaci\u00f3n ampliada sobre cada tipo de cookie, su finalidad, destinatario, temporalidad, etc...).<\/p><p>Si las has aceptado no te lo volveremos a preguntar a menos que elimines las cookies de tu dispositivo como se indica en el apartado siguiente. Si desea revocar el consentimiento tendr\u00e1 que eliminar las cookies y configurarlas nuevamente.<\/p><h2>\u00bfC\u00f3mo desactivo y elimino el uso de cookies?<\/h2><p>Para restringir, bloquear o eliminar las cookies de este Sitio Web (y las utilizadas por terceros) puedes hacerlo, en cualquier momento, modificando la configuraci\u00f3n de tu navegador. Tenga en cuenta que estas configuraciones son diferentes en cada navegador.<\/p><p>En los siguientes enlaces encontrar\u00e1 instrucciones para habilitar o deshabilitar las cookies en los navegadores m\u00e1s habituales.<\/p><ul><li><a href=\"http:\/\/support.mozilla.org\/es\/kb\/habilitar-y-deshabilitar-cookies-que-los-sitios-we\" target=\"_blank\" rel=\"nofollow noopener\">Firefox<\/a><\/li><li><a href=\"https:\/\/support.google.com\/chrome\/answer\/95647?hl=es\" target=\"_blank\" rel=\"noopener noreferrer nofollow\">Google Chrome<\/a><\/li><li><a href=\"https:\/\/support.microsoft.com\/es-es\/help\/17442\/windows-internet-explorer-delete-manage-cookies#ie=%22ie-10\" target=\"_blank\" rel=\"noopener noreferrer nofollow\">explorador de Internet<\/a><\/li><li><a href=\"https:\/\/support.microsoft.com\/es-es\/help\/4468242\/microsoft-edge-browsing-data-and-privacy\" target=\"_blank\" rel=\"noopener noreferrer nofollow\">Borde de Microsoft<\/a><\/li><li><a href=\"http:\/\/support.apple.com\/kb\/HT1677?viewlocale=es_ES\" target=\"_blank\" rel=\"nofollow noopener\">Safari<\/a><\/li><\/ul><h2>\u00bfQu\u00e9 tipos de cookies se utilizan en este sitio web?<\/h2><p>Cada sitio web utiliza sus propias cookies. En nuestro sitio web utilizamos lo siguiente:<\/p><h3>SEG\u00daN LA ENTIDAD QUE LO GESTIONA<\/h3><h4>Cookies propias:<\/h4><p>Son aquellos que se env\u00edan al equipo del Usuario desde un ordenador o dominio gestionado por el propio editor y desde el que se presta el servicio solicitado por el Usuario.<\/p><h4>Cookies de terceros:<\/h4><p>Son aquellas que se env\u00edan al equipo del Usuario desde un equipo o dominio no gestionado por el editor, sino por otra entidad que trata los datos obtenidos a trav\u00e9s de las cookies.<\/p><p>En el caso de que las cookies sean servidas desde un equipo o dominio gestionado por el propio editor, pero la informaci\u00f3n recogida a trav\u00e9s de ellas sea gestionada por un tercero, no podr\u00e1n considerarse cookies propias si el tercero las utiliza para sus propios fines. (por ejemplo, la mejora de los servicios prestados o la prestaci\u00f3n de servicios de publicidad a favor de otras entidades).<\/p><h3>SEG\u00daN SU FINALIDAD<\/h3><h4>Cookies t\u00e9cnicas:<\/h4><p>Son aquellas necesarias para la navegaci\u00f3n y buen funcionamiento de nuestro Sitio Web, como controlar el tr\u00e1fico y la comunicaci\u00f3n de datos, identificar la sesi\u00f3n, acceder a partes de acceso restringido, realizar una solicitud de inscripci\u00f3n o participaci\u00f3n en un evento, contabilizar visitas a efectos de facturaci\u00f3n de licencias. del software con el que funciona el servicio del Sitio Web, utilizar elementos de seguridad durante la navegaci\u00f3n, almacenar contenidos para la difusi\u00f3n de v\u00eddeos o sonido, habilitar contenidos din\u00e1micos (por ejemplo, cargar animaci\u00f3n de un texto o imagen) o compartir contenidos a trav\u00e9s de redes sociales.<\/p><h4>Cookies de an\u00e1lisis:<\/h4><p>Permiten cuantificar el n\u00famero de usuarios y as\u00ed realizar la medici\u00f3n y an\u00e1lisis estad\u00edstico de la utilizaci\u00f3n que hacen los usuarios del Sitio Web.<\/p><h4>Cookies de preferencias o personalizaci\u00f3n:<\/h4><p>Son aquellas que permiten recordar informaci\u00f3n para que el Usuario pueda acceder al servicio con determinadas caracter\u00edsticas que pueden diferenciar su experiencia de la de otros usuarios, como, por ejemplo, el idioma, el n\u00famero de resultados a mostrar cuando el usuario realiza una b\u00fasqueda, la apariencia o contenido del servicio en funci\u00f3n del tipo de navegador a trav\u00e9s del cual el Usuario accede al servicio o de la regi\u00f3n desde la que accede al servicio, etc.<\/p><h3>SEG\u00daN EL PERIODO DE TIEMPO QUE PERMANECEN ACTIVADOS<\/h3><h3>Cookies de sesi\u00f3n:<\/h3><p>Son aquellas dise\u00f1adas para recabar y almacenar datos mientras el Usuario accede a una p\u00e1gina web.<\/p><p>Se suelen utilizar para almacenar informaci\u00f3n que s\u00f3lo interesa conservar para la prestaci\u00f3n del servicio solicitado por el Usuario en una \u00fanica ocasi\u00f3n (por ejemplo, un listado de productos adquiridos) y desaparecen al finalizar la sesi\u00f3n.<\/p><h3>Cookies persistentes:<\/h3><p>Son aquellas en las que los datos siguen almacenados en el dispositivo y pueden ser accedidos y tratados durante un periodo definido por el responsable de la cookie, que puede ir desde unos minutos hasta varios a\u00f1os. En este sentido, se debe valorar espec\u00edficamente si es necesario el uso de cookies persistentes, ya que los riesgos para la privacidad podr\u00edan reducirse mediante el uso de cookies de sesi\u00f3n. En todo caso, cuando se instalen cookies persistentes, se recomienda reducir su duraci\u00f3n temporal al m\u00ednimo necesario habida cuenta de la finalidad de su uso. A estos efectos, el Dictamen 4\/2012 del GT29 indic\u00f3 que para que una cookie est\u00e9 exenta del deber de consentimiento informado, su caducidad debe estar relacionada con su finalidad, por lo que es mucho m\u00e1s probable que las cookies de sesi\u00f3n se consideren exceptuadas que las persistentes. galletas.<\/p><h2>Detalles de las cookies utilizadas en este sitio web:<\/h2><table><tbody><tr><td><p><b>Nombre<\/b><\/p><\/td><td><p><strong>Origen<\/strong><\/p><\/td><td><p><strong>Objetivo<\/strong><\/p><\/td><td><p><b>Tipo<\/b><\/p><\/td><td><p><strong>Vencimiento<\/strong><\/p><\/td><\/tr><tr><td><p>_ga<\/p><\/td><td><p>.balearicyachrental.com<\/p><\/td><td><p>An\u00e1lisis (rendimiento)<\/p><\/td><td><p>Propia<\/p><\/td><td><p>1 a\u00f1o<\/p><\/td><\/tr><tr><td><p>_gid<\/p><\/td><td><p>.balearicyachrental.com<\/p><\/td><td><p>An\u00e1lisis (funcionalidad)<\/p><\/td><td><p>Propia<\/p><\/td><td><p>Sesi\u00f3n<\/p><\/td><\/tr><tr><td><p>CONSENT<\/p><\/td><td><p>.google.com<\/p><\/td><td><p>T\u00e9cnica (segmentaci\u00f3n\/<\/p><p>publicidad)<\/p><\/td><td><p>Tercero<\/p><\/td><td><p>17 a\u00f1os y 10 meses<\/p><\/td><\/tr><tr><td><p>NID<\/p><\/td><td><p>.google.com<\/p><\/td><td><p>T\u00e9cnica (segmentaci\u00f3n\/<\/p><p>publicidad)<\/p><\/td><td><p>Tercero<\/p><\/td><td><p>6 meses<\/p><\/td><\/tr><\/tbody><\/table><p>\u00a0<\/p><p>Listado de cookies de terceros utilizadas por BALEARIC YACHT RENTAL:<\/p><p><a href=\"https:\/\/developers.google.com\/analytics\/devguides\/collection\/analyticsjs\/cookie-usage\">Google Analytics<\/a>: Sus cookies (como _ga) permiten contar las veces que un usuario visita un sitio web, c\u00f3mo, cu\u00e1ndo y desde d\u00f3nde lo hace.<\/p><p>En cualquier caso, usted puede desactivar las cookies de Google Analytics desde <a href=\"https:\/\/tools.google.com\/dlpage\/gaoptout\">aqu\u00ed<\/a>.<\/p><p><a href=\"http:\/\/www.google.com\/policies\/privacy\/\">Google<\/a>: Sus cookies (NID o CONSENTIMIENTO) permiten personalizar c\u00f3mo se ven los anuncios fuera de Google o almacenar informaci\u00f3n como el idioma preferido a la hora de mostrar los resultados de b\u00fasqueda.<\/p><p><a href=\"https:\/\/www.google.com\/policies\/technologies\/types\/\">M\u00e1s informaci\u00f3n<\/a> sobre los tipos de cookies que utiliza Google en sus distintos servicios.<\/p>\t\t\t\t\t\t\t\t<\/div>\n\t\t\t\t<\/div>\n\t\t\t\t\t<\/div>\n\t\t<\/div>\n\t\t\t\t\t<\/div>\n\t\t<\/section>\n\t\t\t\t<\/div>","protected":false},"excerpt":{"rendered":"<p>Cookies Policy What are cookies? When you access our Website, a small amount of text called a &#8220;cookie&#8221; is stored in your device&#8217;s browser. This text contains various information about your browsing, habits, preferences, content customizations, etc&#8230; There are other technologies that work in a similar way and are also used to collect data about [&hellip;]<\/p>","protected":false},"author":1,"featured_media":0,"parent":0,"menu_order":0,"comment_status":"closed","ping_status":"closed","template":"elementor_header_footer","meta":{"ocean_post_layout":"","ocean_both_sidebars_style":"","ocean_both_sidebars_content_width":0,"ocean_both_sidebars_sidebars_width":0,"ocean_sidebar":"","ocean_second_sidebar":"","ocean_disable_margins":"enable","ocean_add_body_class":"","ocean_shortcode_before_top_bar":"","ocean_shortcode_after_top_bar":"","ocean_shortcode_before_header":"","ocean_shortcode_after_header":"","ocean_has_shortcode":"","ocean_shortcode_after_title":"","ocean_shortcode_before_footer_widgets":"","ocean_shortcode_after_footer_widgets":"","ocean_shortcode_before_footer_bottom":"","ocean_shortcode_after_footer_bottom":"","ocean_display_top_bar":"default","ocean_display_header":"default","ocean_header_style":"","ocean_center_header_left_menu":"","ocean_custom_header_template":"","ocean_custom_logo":0,"ocean_custom_retina_logo":0,"ocean_custom_logo_max_width":0,"ocean_custom_logo_tablet_max_width":0,"ocean_custom_logo_mobile_max_width":0,"ocean_custom_logo_max_height":0,"ocean_custom_logo_tablet_max_height":0,"ocean_custom_logo_mobile_max_height":0,"ocean_header_custom_menu":"","ocean_menu_typo_font_family":"","ocean_menu_typo_font_subset":"","ocean_menu_typo_font_size":0,"ocean_menu_typo_font_size_tablet":0,"ocean_menu_typo_font_size_mobile":0,"ocean_menu_typo_font_size_unit":"px","ocean_menu_typo_font_weight":"","ocean_menu_typo_font_weight_tablet":"","ocean_menu_typo_font_weight_mobile":"","ocean_menu_typo_transform":"","ocean_menu_typo_transform_tablet":"","ocean_menu_typo_transform_mobile":"","ocean_menu_typo_line_height":0,"ocean_menu_typo_line_height_tablet":0,"ocean_menu_typo_line_height_mobile":0,"ocean_menu_typo_line_height_unit":"","ocean_menu_typo_spacing":0,"ocean_menu_typo_spacing_tablet":0,"ocean_menu_typo_spacing_mobile":0,"ocean_menu_typo_spacing_unit":"","ocean_menu_link_color":"","ocean_menu_link_color_hover":"","ocean_menu_link_color_active":"","ocean_menu_link_background":"","ocean_menu_link_hover_background":"","ocean_menu_link_active_background":"","ocean_menu_social_links_bg":"","ocean_menu_social_hover_links_bg":"","ocean_menu_social_links_color":"","ocean_menu_social_hover_links_color":"","ocean_disable_title":"default","ocean_disable_heading":"default","ocean_post_title":"","ocean_post_subheading":"","ocean_post_title_style":"","ocean_post_title_background_color":"","ocean_post_title_background":0,"ocean_post_title_bg_image_position":"","ocean_post_title_bg_image_attachment":"","ocean_post_title_bg_image_repeat":"","ocean_post_title_bg_image_size":"","ocean_post_title_height":0,"ocean_post_title_bg_overlay":0.5,"ocean_post_title_bg_overlay_color":"","ocean_disable_breadcrumbs":"default","ocean_breadcrumbs_color":"","ocean_breadcrumbs_separator_color":"","ocean_breadcrumbs_links_color":"","ocean_breadcrumbs_links_hover_color":"","ocean_display_footer_widgets":"default","ocean_display_footer_bottom":"default","ocean_custom_footer_template":"","_joinchat":[],"footnotes":""},"class_list":["post-487","page","type-page","status-publish","hentry","entry"],"yoast_head":"<!-- This site is optimized with the Yoast SEO plugin v25.9 - https:\/\/yoast.com\/wordpress\/plugins\/seo\/ -->\n<title>Cookies Policy - Balearic Yacht Rental<\/title>\n<meta name=\"robots\" content=\"noindex, nofollow\" \/>\n<meta property=\"og:locale\" content=\"es_ES\" \/>\n<meta property=\"og:type\" content=\"article\" \/>\n<meta property=\"og:title\" content=\"Cookies Policy - Balearic Yacht Rental\" \/>\n<meta property=\"og:description\" content=\"Cookies Policy What are cookies? When you access our Website, a small amount of text called a &#8220;cookie&#8221; is stored in your device&#8217;s browser. This text contains various information about your browsing, habits, preferences, content customizations, etc&#8230; There are other technologies that work in a similar way and are also used to collect data about [&hellip;]\" \/>\n<meta property=\"og:url\" content=\"https:\/\/balearicyachtrental.com\/es\/cookies-policy\/\" \/>\n<meta property=\"og:site_name\" content=\"Balearic Yacht Rental\" \/>\n<meta property=\"article:modified_time\" content=\"2024-07-25T09:41:45+00:00\" \/>\n<meta name=\"twitter:card\" content=\"summary_large_image\" \/>\n<meta name=\"twitter:label1\" content=\"Tiempo de lectura\" \/>\n\t<meta name=\"twitter:data1\" content=\"6 minutos\" \/>\n<script type=\"application\/ld+json\" class=\"yoast-schema-graph\">{\"@context\":\"https:\/\/schema.org\",\"@graph\":[{\"@type\":\"WebPage\",\"@id\":\"https:\/\/balearicyachtrental.com\/cookies-policy\/\",\"url\":\"https:\/\/balearicyachtrental.com\/cookies-policy\/\",\"name\":\"Cookies Policy - Balearic Yacht Rental\",\"isPartOf\":{\"@id\":\"https:\/\/balearicyachtrental.com\/#website\"},\"datePublished\":\"2024-07-07T07:11:06+00:00\",\"dateModified\":\"2024-07-25T09:41:45+00:00\",\"breadcrumb\":{\"@id\":\"https:\/\/balearicyachtrental.com\/cookies-policy\/#breadcrumb\"},\"inLanguage\":\"es\",\"potentialAction\":[{\"@type\":\"ReadAction\",\"target\":[\"https:\/\/balearicyachtrental.com\/cookies-policy\/\"]}]},{\"@type\":\"BreadcrumbList\",\"@id\":\"https:\/\/balearicyachtrental.com\/cookies-policy\/#breadcrumb\",\"itemListElement\":[{\"@type\":\"ListItem\",\"position\":1,\"name\":\"Portada\",\"item\":\"https:\/\/balearicyachtrental.com\/\"},{\"@type\":\"ListItem\",\"position\":2,\"name\":\"Cookies Policy\"}]},{\"@type\":\"WebSite\",\"@id\":\"https:\/\/balearicyachtrental.com\/#website\",\"url\":\"https:\/\/balearicyachtrental.com\/\",\"name\":\"Mi blog\",\"description\":\"Your premier destination for unparalleled yacht rental in the Balearic Islands.\",\"potentialAction\":[{\"@type\":\"SearchAction\",\"target\":{\"@type\":\"EntryPoint\",\"urlTemplate\":\"https:\/\/balearicyachtrental.com\/?s={search_term_string}\"},\"query-input\":{\"@type\":\"PropertyValueSpecification\",\"valueRequired\":true,\"valueName\":\"search_term_string\"}}],\"inLanguage\":\"es\"}]}<\/script>\n<!-- \/ Yoast SEO plugin. -->","yoast_head_json":{"title":"Cookies Policy - Balearic Yacht Rental","robots":{"index":"noindex","follow":"nofollow"},"og_locale":"es_ES","og_type":"article","og_title":"Cookies Policy - Balearic Yacht Rental","og_description":"Cookies Policy What are cookies? When you access our Website, a small amount of text called a &#8220;cookie&#8221; is stored in your device&#8217;s browser. This text contains various information about your browsing, habits, preferences, content customizations, etc&#8230; There are other technologies that work in a similar way and are also used to collect data about [&hellip;]","og_url":"https:\/\/balearicyachtrental.com\/es\/cookies-policy\/","og_site_name":"Balearic Yacht Rental","article_modified_time":"2024-07-25T09:41:45+00:00","twitter_card":"summary_large_image","twitter_misc":{"Tiempo de lectura":"6 minutos"},"schema":{"@context":"https:\/\/schema.org","@graph":[{"@type":"WebPage","@id":"https:\/\/balearicyachtrental.com\/cookies-policy\/","url":"https:\/\/balearicyachtrental.com\/cookies-policy\/","name":"Cookies Policy - Balearic Yacht Rental","isPartOf":{"@id":"https:\/\/balearicyachtrental.com\/#website"},"datePublished":"2024-07-07T07:11:06+00:00","dateModified":"2024-07-25T09:41:45+00:00","breadcrumb":{"@id":"https:\/\/balearicyachtrental.com\/cookies-policy\/#breadcrumb"},"inLanguage":"es","potentialAction":[{"@type":"ReadAction","target":["https:\/\/balearicyachtrental.com\/cookies-policy\/"]}]},{"@type":"BreadcrumbList","@id":"https:\/\/balearicyachtrental.com\/cookies-policy\/#breadcrumb","itemListElement":[{"@type":"ListItem","position":1,"name":"Portada","item":"https:\/\/balearicyachtrental.com\/"},{"@type":"ListItem","position":2,"name":"Cookies Policy"}]},{"@type":"WebSite","@id":"https:\/\/balearicyachtrental.com\/#website","url":"https:\/\/balearicyachtrental.com\/","name":"Mi blog","description":"Su destino principal para un alquiler de yates inigualable en las Islas Baleares.","potentialAction":[{"@type":"SearchAction","target":{"@type":"EntryPoint","urlTemplate":"https:\/\/balearicyachtrental.com\/?s={search_term_string}"},"query-input":{"@type":"PropertyValueSpecification","valueRequired":true,"valueName":"search_term_string"}}],"inLanguage":"es"}]}},"_links":{"self":[{"href":"https:\/\/balearicyachtrental.com\/es\/wp-json\/wp\/v2\/pages\/487","targetHints":{"allow":["GET"]}}],"collection":[{"href":"https:\/\/balearicyachtrental.com\/es\/wp-json\/wp\/v2\/pages"}],"about":[{"href":"https:\/\/balearicyachtrental.com\/es\/wp-json\/wp\/v2\/types\/page"}],"author":[{"embeddable":true,"href":"https:\/\/balearicyachtrental.com\/es\/wp-json\/wp\/v2\/users\/1"}],"replies":[{"embeddable":true,"href":"https:\/\/balearicyachtrental.com\/es\/wp-json\/wp\/v2\/comments?post=487"}],"version-history":[{"count":10,"href":"https:\/\/balearicyachtrental.com\/es\/wp-json\/wp\/v2\/pages\/487\/revisions"}],"predecessor-version":[{"id":1999,"href":"https:\/\/balearicyachtrental.com\/es\/wp-json\/wp\/v2\/pages\/487\/revisions\/1999"}],"wp:attachment":[{"href":"https:\/\/balearicyachtrental.com\/es\/wp-json\/wp\/v2\/media?parent=487"}],"curies":[{"name":"wp","href":"https:\/\/api.w.org\/{rel}","templated":true}]}}