{"id":489,"date":"2024-07-07T07:11:46","date_gmt":"2024-07-07T07:11:46","guid":{"rendered":"https:\/\/balearicyachtrental.com\/?page_id=489"},"modified":"2024-07-25T09:42:41","modified_gmt":"2024-07-25T09:42:41","slug":"cookies-preferences","status":"publish","type":"page","link":"https:\/\/balearicyachtrental.com\/es\/cookies-preferences\/","title":{"rendered":"Preferencias de Cookies"},"content":{"rendered":"<div data-elementor-type=\"wp-page\" data-elementor-id=\"489\" class=\"elementor elementor-489\" data-elementor-post-type=\"page\">\n\t\t\t\t\t\t<section class=\"elementor-section elementor-top-section elementor-element elementor-element-5560c66d elementor-section-height-min-height elementor-section-boxed elementor-section-height-default elementor-section-items-middle\" data-id=\"5560c66d\" data-element_type=\"section\" data-settings=\"{&quot;background_background&quot;:&quot;classic&quot;}\">\n\t\t\t\t\t\t\t<div class=\"elementor-background-overlay\"><\/div>\n\t\t\t\t\t\t\t<div class=\"elementor-container elementor-column-gap-default\">\n\t\t\t\t\t<div class=\"elementor-column elementor-col-100 elementor-top-column elementor-element elementor-element-10a62c35\" data-id=\"10a62c35\" data-element_type=\"column\">\n\t\t\t<div class=\"elementor-widget-wrap elementor-element-populated\">\n\t\t\t\t\t\t<div class=\"elementor-element elementor-element-7d68060c elementor-invisible elementor-widget elementor-widget-heading\" data-id=\"7d68060c\" data-element_type=\"widget\" data-settings=\"{&quot;_animation&quot;:&quot;fadeIn&quot;}\" data-widget_type=\"heading.default\">\n\t\t\t\t<div class=\"elementor-widget-container\">\n\t\t\t\t\t<h1 class=\"elementor-heading-title elementor-size-default\">Preferencias de Cookies<\/h1>\t\t\t\t<\/div>\n\t\t\t\t<\/div>\n\t\t\t\t\t<\/div>\n\t\t<\/div>\n\t\t\t\t\t<\/div>\n\t\t<\/section>\n\t\t\t\t<section class=\"elementor-section elementor-top-section elementor-element elementor-element-11a88abc elementor-section-boxed elementor-section-height-default elementor-section-height-default\" data-id=\"11a88abc\" data-element_type=\"section\">\n\t\t\t\t\t\t<div class=\"elementor-container elementor-column-gap-default\">\n\t\t\t\t\t<div class=\"elementor-column elementor-col-100 elementor-top-column elementor-element elementor-element-4de5712b\" data-id=\"4de5712b\" data-element_type=\"column\">\n\t\t\t<div class=\"elementor-widget-wrap elementor-element-populated\">\n\t\t\t\t\t\t<div class=\"elementor-element elementor-element-148d903d elementor-invisible elementor-widget elementor-widget-text-editor\" data-id=\"148d903d\" data-element_type=\"widget\" data-settings=\"{&quot;_animation&quot;:&quot;fadeIn&quot;,&quot;_animation_delay&quot;:400}\" data-widget_type=\"text-editor.default\">\n\t\t\t\t<div class=\"elementor-widget-container\">\n\t\t\t\t\t\t\t\t\t<p>El sitio web https:\/\/balearicyachtrental.com utiliza cookies propias y de terceros para su correcto funcionamiento y con fines anal\u00edticos. Al hacer clic en el bot\u00f3n Aceptar, acepta el uso de estas tecnolog\u00edas y el procesamiento de sus datos para estos fines.<\/p><div><div id=\"custom-cookies-eu-buttons\" class=\"cookies-eu-buttons\"><button id=\"custom-cookies-eu-reject\" class=\"cookies-eu-reject\">RECHAZAR<\/button>\u00a0<button id=\"custom-cookies-eu-accept\" class=\"cookies-eu-accept\">ACEPTAR TODAS LAS COOKIES<\/button><\/div><\/div><div>\u00a0<\/div><div>Puedes cambiar tus preferencias de cookies en cualquier momento volviendo a la p\u00e1gina de Preferencias de Cookies, a la que puedes acceder a trav\u00e9s de la Pol\u00edtica de Cookies. Para obtener m\u00e1s informaci\u00f3n sobre las cookies y c\u00f3mo las utilizamos, consulte la <a href=\"https:\/\/balearicyachtrental.com\/es\/cookies-policy\/\">Pol\u00edtica de Cookies<\/a> .<\/div><div>\u00a0<\/div><h2>Cookies T\u00e9cnicas<\/h2><div>Son aquellas que permiten a los usuarios registrados navegar a trav\u00e9s del sitio web, el \u00e1rea restringida y utilizar sus diferentes funciones, como el sistema de comentarios o el buscador, y no pueden desactivarse.<\/div><div>\u00a0<\/div><div><div class=\"custom-cookies-option\"><h2>Cookies de An\u00e1lisis o Medici\u00f3n<\/h2><input id=\"custom-cookies-accept-analytics\" class=\"custom-cookies-radio\" name=\"cookies-analytics-option\" type=\"radio\" value=\"true\" data-consent=\"ANLTCS\" \/> ACTIVAR\u00a0 \u00a0\u00a0<input id=\"custom-cookies-reject-analytics\" class=\"custom-cookies-radio\" checked=\"checked\" name=\"cookies-analytics-option\" type=\"radio\" value=\"false\" data-consent=\"ANLTCS\" \/> DESACTIVAR<\/div><p>Son aquellos que, ya sean tratados por el sitio web o por terceros, permiten cuantificar el n\u00famero de usuarios y as\u00ed realizar la medici\u00f3n y an\u00e1lisis estad\u00edstico de la utilizaci\u00f3n que hacen los usuarios del sitio web. Para ello se analiza su navegaci\u00f3n en este sitio web con el fin de mejorarla.<\/p><div class=\"custom-cookies-option\"><h2>Cookies Sociales<\/h2><input id=\"custom-cookies-accept-social\" class=\"custom-cookies-radio\" name=\"cookies-social-option\" type=\"radio\" value=\"true\" data-consent=\"SCLS\" \/> ACTIVAR\u00a0\u00a0<input id=\"custom-cookies-reject-social\" class=\"custom-cookies-radio\" checked=\"checked\" name=\"cookies-social-option\" type=\"radio\" value=\"false\" data-consent=\"SCLS\" \/> DESACTIVAR<\/div><p>Son establecidos por plataformas de redes sociales para permitir a los usuarios compartir contenido con sus amigos y redes.<\/p><\/div>\t\t\t\t\t\t\t\t<\/div>\n\t\t\t\t<\/div>\n\t\t\t\t\t<\/div>\n\t\t<\/div>\n\t\t\t\t\t<\/div>\n\t\t<\/section>\n\t\t\t\t<\/div>","protected":false},"excerpt":{"rendered":"<p>Cookies Preferences The website https:\/\/balearicyachtrental.com uses its own and third-party cookies for its correct functioning and for analytical purposes. By clicking the Accept button, you agree to the use of these technologies and the processing of your data for these purposes. DECLINE\u00a0ACCEPT ALL COOKIES\u00a0You can change your cookie preferences at any time by returning to [&hellip;]<\/p>","protected":false},"author":1,"featured_media":0,"parent":0,"menu_order":0,"comment_status":"closed","ping_status":"closed","template":"elementor_header_footer","meta":{"ocean_post_layout":"","ocean_both_sidebars_style":"","ocean_both_sidebars_content_width":0,"ocean_both_sidebars_sidebars_width":0,"ocean_sidebar":"","ocean_second_sidebar":"","ocean_disable_margins":"enable","ocean_add_body_class":"","ocean_shortcode_before_top_bar":"","ocean_shortcode_after_top_bar":"","ocean_shortcode_before_header":"","ocean_shortcode_after_header":"","ocean_has_shortcode":"","ocean_shortcode_after_title":"","ocean_shortcode_before_footer_widgets":"","ocean_shortcode_after_footer_widgets":"","ocean_shortcode_before_footer_bottom":"","ocean_shortcode_after_footer_bottom":"","ocean_display_top_bar":"default","ocean_display_header":"default","ocean_header_style":"","ocean_center_header_left_menu":"","ocean_custom_header_template":"","ocean_custom_logo":0,"ocean_custom_retina_logo":0,"ocean_custom_logo_max_width":0,"ocean_custom_logo_tablet_max_width":0,"ocean_custom_logo_mobile_max_width":0,"ocean_custom_logo_max_height":0,"ocean_custom_logo_tablet_max_height":0,"ocean_custom_logo_mobile_max_height":0,"ocean_header_custom_menu":"","ocean_menu_typo_font_family":"","ocean_menu_typo_font_subset":"","ocean_menu_typo_font_size":0,"ocean_menu_typo_font_size_tablet":0,"ocean_menu_typo_font_size_mobile":0,"ocean_menu_typo_font_size_unit":"px","ocean_menu_typo_font_weight":"","ocean_menu_typo_font_weight_tablet":"","ocean_menu_typo_font_weight_mobile":"","ocean_menu_typo_transform":"","ocean_menu_typo_transform_tablet":"","ocean_menu_typo_transform_mobile":"","ocean_menu_typo_line_height":0,"ocean_menu_typo_line_height_tablet":0,"ocean_menu_typo_line_height_mobile":0,"ocean_menu_typo_line_height_unit":"","ocean_menu_typo_spacing":0,"ocean_menu_typo_spacing_tablet":0,"ocean_menu_typo_spacing_mobile":0,"ocean_menu_typo_spacing_unit":"","ocean_menu_link_color":"","ocean_menu_link_color_hover":"","ocean_menu_link_color_active":"","ocean_menu_link_background":"","ocean_menu_link_hover_background":"","ocean_menu_link_active_background":"","ocean_menu_social_links_bg":"","ocean_menu_social_hover_links_bg":"","ocean_menu_social_links_color":"","ocean_menu_social_hover_links_color":"","ocean_disable_title":"default","ocean_disable_heading":"default","ocean_post_title":"","ocean_post_subheading":"","ocean_post_title_style":"","ocean_post_title_background_color":"","ocean_post_title_background":0,"ocean_post_title_bg_image_position":"","ocean_post_title_bg_image_attachment":"","ocean_post_title_bg_image_repeat":"","ocean_post_title_bg_image_size":"","ocean_post_title_height":0,"ocean_post_title_bg_overlay":0.5,"ocean_post_title_bg_overlay_color":"","ocean_disable_breadcrumbs":"default","ocean_breadcrumbs_color":"","ocean_breadcrumbs_separator_color":"","ocean_breadcrumbs_links_color":"","ocean_breadcrumbs_links_hover_color":"","ocean_display_footer_widgets":"default","ocean_display_footer_bottom":"default","ocean_custom_footer_template":"","_joinchat":[],"footnotes":""},"class_list":["post-489","page","type-page","status-publish","hentry","entry"],"yoast_head":"<!-- This site is optimized with the Yoast SEO plugin v25.9 - https:\/\/yoast.com\/wordpress\/plugins\/seo\/ -->\n<title>Cookies Preferences - Balearic Yacht Rental<\/title>\n<meta name=\"robots\" content=\"noindex, nofollow\" \/>\n<meta property=\"og:locale\" content=\"es_ES\" \/>\n<meta property=\"og:type\" content=\"article\" \/>\n<meta property=\"og:title\" content=\"Cookies Preferences - Balearic Yacht Rental\" \/>\n<meta property=\"og:description\" content=\"Cookies Preferences The website https:\/\/balearicyachtrental.com uses its own and third-party cookies for its correct functioning and for analytical purposes. By clicking the Accept button, you agree to the use of these technologies and the processing of your data for these purposes. DECLINE\u00a0ACCEPT ALL COOKIES\u00a0You can change your cookie preferences at any time by returning to [&hellip;]\" \/>\n<meta property=\"og:url\" content=\"https:\/\/balearicyachtrental.com\/es\/cookies-preferences\/\" \/>\n<meta property=\"og:site_name\" content=\"Balearic Yacht Rental\" \/>\n<meta property=\"article:modified_time\" content=\"2024-07-25T09:42:41+00:00\" \/>\n<meta name=\"twitter:card\" content=\"summary_large_image\" \/>\n<meta name=\"twitter:label1\" content=\"Tiempo de lectura\" \/>\n\t<meta name=\"twitter:data1\" content=\"1 minuto\" \/>\n<script type=\"application\/ld+json\" class=\"yoast-schema-graph\">{\"@context\":\"https:\/\/schema.org\",\"@graph\":[{\"@type\":\"WebPage\",\"@id\":\"https:\/\/balearicyachtrental.com\/cookies-preferences\/\",\"url\":\"https:\/\/balearicyachtrental.com\/cookies-preferences\/\",\"name\":\"Cookies Preferences - Balearic Yacht Rental\",\"isPartOf\":{\"@id\":\"https:\/\/balearicyachtrental.com\/#website\"},\"datePublished\":\"2024-07-07T07:11:46+00:00\",\"dateModified\":\"2024-07-25T09:42:41+00:00\",\"breadcrumb\":{\"@id\":\"https:\/\/balearicyachtrental.com\/cookies-preferences\/#breadcrumb\"},\"inLanguage\":\"es\",\"potentialAction\":[{\"@type\":\"ReadAction\",\"target\":[\"https:\/\/balearicyachtrental.com\/cookies-preferences\/\"]}]},{\"@type\":\"BreadcrumbList\",\"@id\":\"https:\/\/balearicyachtrental.com\/cookies-preferences\/#breadcrumb\",\"itemListElement\":[{\"@type\":\"ListItem\",\"position\":1,\"name\":\"Portada\",\"item\":\"https:\/\/balearicyachtrental.com\/\"},{\"@type\":\"ListItem\",\"position\":2,\"name\":\"Cookies Preferences\"}]},{\"@type\":\"WebSite\",\"@id\":\"https:\/\/balearicyachtrental.com\/#website\",\"url\":\"https:\/\/balearicyachtrental.com\/\",\"name\":\"Mi blog\",\"description\":\"Your premier destination for unparalleled yacht rental in the Balearic Islands.\",\"potentialAction\":[{\"@type\":\"SearchAction\",\"target\":{\"@type\":\"EntryPoint\",\"urlTemplate\":\"https:\/\/balearicyachtrental.com\/?s={search_term_string}\"},\"query-input\":{\"@type\":\"PropertyValueSpecification\",\"valueRequired\":true,\"valueName\":\"search_term_string\"}}],\"inLanguage\":\"es\"}]}<\/script>\n<!-- \/ Yoast SEO plugin. -->","yoast_head_json":{"title":"Cookies Preferences - Balearic Yacht Rental","robots":{"index":"noindex","follow":"nofollow"},"og_locale":"es_ES","og_type":"article","og_title":"Cookies Preferences - Balearic Yacht Rental","og_description":"Cookies Preferences The website https:\/\/balearicyachtrental.com uses its own and third-party cookies for its correct functioning and for analytical purposes. By clicking the Accept button, you agree to the use of these technologies and the processing of your data for these purposes. DECLINE\u00a0ACCEPT ALL COOKIES\u00a0You can change your cookie preferences at any time by returning to [&hellip;]","og_url":"https:\/\/balearicyachtrental.com\/es\/cookies-preferences\/","og_site_name":"Balearic Yacht Rental","article_modified_time":"2024-07-25T09:42:41+00:00","twitter_card":"summary_large_image","twitter_misc":{"Tiempo de lectura":"1 minuto"},"schema":{"@context":"https:\/\/schema.org","@graph":[{"@type":"WebPage","@id":"https:\/\/balearicyachtrental.com\/cookies-preferences\/","url":"https:\/\/balearicyachtrental.com\/cookies-preferences\/","name":"Cookies Preferences - Balearic Yacht Rental","isPartOf":{"@id":"https:\/\/balearicyachtrental.com\/#website"},"datePublished":"2024-07-07T07:11:46+00:00","dateModified":"2024-07-25T09:42:41+00:00","breadcrumb":{"@id":"https:\/\/balearicyachtrental.com\/cookies-preferences\/#breadcrumb"},"inLanguage":"es","potentialAction":[{"@type":"ReadAction","target":["https:\/\/balearicyachtrental.com\/cookies-preferences\/"]}]},{"@type":"BreadcrumbList","@id":"https:\/\/balearicyachtrental.com\/cookies-preferences\/#breadcrumb","itemListElement":[{"@type":"ListItem","position":1,"name":"Portada","item":"https:\/\/balearicyachtrental.com\/"},{"@type":"ListItem","position":2,"name":"Cookies Preferences"}]},{"@type":"WebSite","@id":"https:\/\/balearicyachtrental.com\/#website","url":"https:\/\/balearicyachtrental.com\/","name":"Mi blog","description":"Su destino principal para un alquiler de yates inigualable en las Islas Baleares.","potentialAction":[{"@type":"SearchAction","target":{"@type":"EntryPoint","urlTemplate":"https:\/\/balearicyachtrental.com\/?s={search_term_string}"},"query-input":{"@type":"PropertyValueSpecification","valueRequired":true,"valueName":"search_term_string"}}],"inLanguage":"es"}]}},"_links":{"self":[{"href":"https:\/\/balearicyachtrental.com\/es\/wp-json\/wp\/v2\/pages\/489","targetHints":{"allow":["GET"]}}],"collection":[{"href":"https:\/\/balearicyachtrental.com\/es\/wp-json\/wp\/v2\/pages"}],"about":[{"href":"https:\/\/balearicyachtrental.com\/es\/wp-json\/wp\/v2\/types\/page"}],"author":[{"embeddable":true,"href":"https:\/\/balearicyachtrental.com\/es\/wp-json\/wp\/v2\/users\/1"}],"replies":[{"embeddable":true,"href":"https:\/\/balearicyachtrental.com\/es\/wp-json\/wp\/v2\/comments?post=489"}],"version-history":[{"count":10,"href":"https:\/\/balearicyachtrental.com\/es\/wp-json\/wp\/v2\/pages\/489\/revisions"}],"predecessor-version":[{"id":2005,"href":"https:\/\/balearicyachtrental.com\/es\/wp-json\/wp\/v2\/pages\/489\/revisions\/2005"}],"wp:attachment":[{"href":"https:\/\/balearicyachtrental.com\/es\/wp-json\/wp\/v2\/media?parent=489"}],"curies":[{"name":"wp","href":"https:\/\/api.w.org\/{rel}","templated":true}]}}